{"id":2804,"date":"2016-03-22T22:58:25","date_gmt":"2016-03-22T20:58:25","guid":{"rendered":"http:\/\/www.ppmc.de\/?page_id=2804"},"modified":"2026-01-26T16:41:25","modified_gmt":"2026-01-26T14:41:25","slug":"40-jahresparty","status":"publish","type":"page","link":"https:\/\/www.ppmc.de\/?page_id=2804","title":{"rendered":"50 Jahre"},"content":{"rendered":"<h1 style=\"text-align: center;\"><span style=\"color: #ff0000;\">!!! 13. Juni 2026 &#8211; und wir feiern !!!<\/span><\/h1>\n<h1 style=\"text-align: center;\"><span style=\"color: #ff0000;\">! DER TERMIN STEHT !<\/span><\/h1>\n<h5 style=\"text-align: center;\"><span style=\"color: #ff0000;\">Alle <i>Planungen sind soweit abgeschlossen, BAND, ESSEN, GETR\u00c4NKE, \u00d6RTLICHKEITEN<\/i>&nbsp;!!!<\/span><\/h5>\n<h1 style=\"text-align: center;\"><span style=\"color: #ff0000;\"><strong>!! 50 Jahre Pink Panthers MC !!<\/strong><\/span><\/h1>\n<p><a href=\"http:\/\/www.ppmc.de\/wp-content\/uploads\/2026\/01\/50-Jahre-finale-Einladung-1-scaled.jpg\"><img loading=\"lazy\" class=\" wp-image-4464 aligncenter\" src=\"http:\/\/www.ppmc.de\/wp-content\/uploads\/2026\/01\/50-Jahre-finale-Einladung-1-300x211.jpg\" alt=\"\" width=\"625\" height=\"439\" srcset=\"https:\/\/www.ppmc.de\/wp-content\/uploads\/2026\/01\/50-Jahre-finale-Einladung-1-300x211.jpg 300w, https:\/\/www.ppmc.de\/wp-content\/uploads\/2026\/01\/50-Jahre-finale-Einladung-1-768x541.jpg 768w, https:\/\/www.ppmc.de\/wp-content\/uploads\/2026\/01\/50-Jahre-finale-Einladung-1-1536x1082.jpg 1536w, https:\/\/www.ppmc.de\/wp-content\/uploads\/2026\/01\/50-Jahre-finale-Einladung-1-2048x1443.jpg 2048w, https:\/\/www.ppmc.de\/wp-content\/uploads\/2026\/01\/50-Jahre-finale-Einladung-1-676x476.jpg 676w\" sizes=\"(max-width: 625px) 100vw, 625px\" \/><\/a><\/p>\n<h3 style=\"text-align: center;\"><span style=\"color: #ff0000;\">\u2660 Wir feiern am, im und um unser Clubhaus \u2660<\/span><\/h3>\n<p style=\"text-align: left;\"><strong><span style=\"color: #ff0000;\"><em>M\u00f6glichkeiten zum zelten stehen direkt gegen\u00fcber vom Clubhaus zur Verf\u00fcgung. Solltet Ihr \u00dcbernachtungsm\u00f6glichkeiten in den nahegelegenen Hotels suchen, so findet Ihr deren Adresse ebenfalls auf unserer Homepage!<\/em><\/span><\/strong><\/p>\n<p style=\"text-align: left;\"><strong><span style=\"color: #ff0000;\"><em>Possibilities for camping are available directly opposite the clubhouse. If you are looking for accommodation in the nearby hotels, you will also find their addresses on our homepage!<\/em><\/span><\/strong><\/p>\n<hr>\n<h1 style=\"text-align: center;\"><span style=\"color: #ff0000;\">\u21d2&nbsp; &nbsp;13. Juni 2026&nbsp; &nbsp;\u21d0<\/span><\/h1>\n<hr>\n<h3 style=\"text-align: center;\"><span style=\"color: #ff0000;\">Auf unserer Open Air B\u00fchne spielt die Coverband<\/span><\/h3>\n<h3 style=\"text-align: center;\"><span style=\"color: #ff0000;\">&#8222;<a href=\"https:\/\/www.fuck-band.de\/\">F.U.C.K<\/a>&#8220;&nbsp;<\/span><\/h3>\n<p><span style=\"color: #ff0000;\"><span style=\"color: #ff0000;\"><b>Sie covern nicht einfach nur die Songs &#8211; NEIN &#8211; perfekt abgestimmt und ganz&nbsp; nah am original, spielen sie Songs von, A wie AC\/DC, bis Z wie ZZ-Top aber auch den guten deutschen Hard Rock der Onkelz, Rammstein und In Extremo, werdet Ihr nicht vermissen!!<\/b><\/span><\/span><\/p>\n<h5 style=\"text-align: center;\">&nbsp;<\/h5>\n<p style=\"text-align: center;\"><a href=\"http:\/\/www.ppmc.de\/wp-content\/uploads\/2016\/03\/A6-a-40-Jahre-PP-MC.jpg\">&nbsp;<\/a><\/p>\n<p>&nbsp;<\/p>\n<p>&nbsp;<\/p>\n<p style=\"text-align: center;\">&nbsp;<\/p>\n<p style=\"text-align: center;\">&nbsp;<\/p>\n<p>&nbsp;<\/p>\n","protected":false},"excerpt":{"rendered":"<p>!!! 13. Juni 2026 &#8211; und wir feiern !!! ! DER TERMIN STEHT ! Alle Planungen sind soweit abgeschlossen, BAND, ESSEN, GETR\u00c4NKE, \u00d6RTLICHKEITEN&nbsp;!!! !! 50 Jahre Pink Panthers MC !! \u2660 Wir feiern am, im und um unser Clubhaus \u2660 M\u00f6glichkeiten zum zelten stehen direkt gegen\u00fcber vom Clubhaus zur Verf\u00fcgung. Solltet Ihr \u00dcbernachtungsm\u00f6glichkeiten in den [&hellip;]<\/p>\n","protected":false},"author":2,"featured_media":0,"parent":0,"menu_order":0,"comment_status":"closed","ping_status":"closed","template":"template-ppmc.php","meta":{"ngg_post_thumbnail":0},"_links":{"self":[{"href":"https:\/\/www.ppmc.de\/index.php?rest_route=\/wp\/v2\/pages\/2804"}],"collection":[{"href":"https:\/\/www.ppmc.de\/index.php?rest_route=\/wp\/v2\/pages"}],"about":[{"href":"https:\/\/www.ppmc.de\/index.php?rest_route=\/wp\/v2\/types\/page"}],"author":[{"embeddable":true,"href":"https:\/\/www.ppmc.de\/index.php?rest_route=\/wp\/v2\/users\/2"}],"replies":[{"embeddable":true,"href":"https:\/\/www.ppmc.de\/index.php?rest_route=%2Fwp%2Fv2%2Fcomments&post=2804"}],"version-history":[{"count":37,"href":"https:\/\/www.ppmc.de\/index.php?rest_route=\/wp\/v2\/pages\/2804\/revisions"}],"predecessor-version":[{"id":4467,"href":"https:\/\/www.ppmc.de\/index.php?rest_route=\/wp\/v2\/pages\/2804\/revisions\/4467"}],"wp:attachment":[{"href":"https:\/\/www.ppmc.de\/index.php?rest_route=%2Fwp%2Fv2%2Fmedia&parent=2804"}],"curies":[{"name":"wp","href":"https:\/\/api.w.org\/{rel}","templated":true}]}}