{"id":256,"date":"2015-07-01T21:38:53","date_gmt":"2015-07-01T19:38:53","guid":{"rendered":"http:\/\/wordpress.ppmc.de\/?page_id=256"},"modified":"2015-10-22T20:33:16","modified_gmt":"2015-10-22T18:33:16","slug":"impressum","status":"publish","type":"page","link":"https:\/\/www.ppmc.de\/?page_id=256","title":{"rendered":"Hinweis"},"content":{"rendered":"<p>Mit Urteil vom 12. Mai 1998 hat das Landgericht Hamburg entschieden, da\u00df man durch die Ausbringung eines Links die Inhalte der gelinkten Seite ggf. mit zu verantworten hat. Dies kann &#8211; so das LG &#8211; nur dadurch verhindert werden, da\u00df man sich ausdr\u00fccklich von diesen Inhalten distanziert. Wir haben auf verschiedenen Seiten dieser Homepage Links zu anderen Seiten im Internet gelegt. F\u00fcr all diese Links gilt: Wir m\u00f6chten ausdr\u00fccklich betonen, dass wir keinerlei Einfluss auf die Gestaltung und die Inhalte der gelinkten Seiten haben. Deshalb distanzieren wir uns hiermit ausdr\u00fccklich von allen Inhalten aller gelinkten Seiten auf dieser Homepage und machen uns deren Inhalte nicht zueigen. Diese Erkl\u00e4rung gilt f\u00fcr alle Links auf dieser Homepage, auch f\u00fcr die Links, deren Verantwortliche wir pers\u00f6nlich kennen.<\/p>\n","protected":false},"excerpt":{"rendered":"<p>Mit Urteil vom 12. Mai 1998 hat das Landgericht Hamburg entschieden, da\u00df man durch die Ausbringung eines Links die Inhalte der gelinkten Seite ggf. mit zu verantworten hat. Dies kann &#8211; so das LG &#8211; nur dadurch verhindert werden, da\u00df man sich ausdr\u00fccklich von diesen Inhalten distanziert. Wir haben auf verschiedenen Seiten dieser Homepage Links [&hellip;]<\/p>\n","protected":false},"author":1,"featured_media":0,"parent":0,"menu_order":70,"comment_status":"open","ping_status":"open","template":"template-ppmc.php","meta":{"ngg_post_thumbnail":0},"_links":{"self":[{"href":"https:\/\/www.ppmc.de\/index.php?rest_route=\/wp\/v2\/pages\/256"}],"collection":[{"href":"https:\/\/www.ppmc.de\/index.php?rest_route=\/wp\/v2\/pages"}],"about":[{"href":"https:\/\/www.ppmc.de\/index.php?rest_route=\/wp\/v2\/types\/page"}],"author":[{"embeddable":true,"href":"https:\/\/www.ppmc.de\/index.php?rest_route=\/wp\/v2\/users\/1"}],"replies":[{"embeddable":true,"href":"https:\/\/www.ppmc.de\/index.php?rest_route=%2Fwp%2Fv2%2Fcomments&post=256"}],"version-history":[{"count":3,"href":"https:\/\/www.ppmc.de\/index.php?rest_route=\/wp\/v2\/pages\/256\/revisions"}],"predecessor-version":[{"id":259,"href":"https:\/\/www.ppmc.de\/index.php?rest_route=\/wp\/v2\/pages\/256\/revisions\/259"}],"wp:attachment":[{"href":"https:\/\/www.ppmc.de\/index.php?rest_route=%2Fwp%2Fv2%2Fmedia&parent=256"}],"curies":[{"name":"wp","href":"https:\/\/api.w.org\/{rel}","templated":true}]}}